{"id":8,"date":"2021-04-28T05:19:50","date_gmt":"2021-04-28T03:19:50","guid":{"rendered":"http:\/\/poznan.sportrebel.pl\/?page_id=8"},"modified":"2026-03-02T13:23:14","modified_gmt":"2026-03-02T12:23:14","slug":"sportrebel-poznan","status":"publish","type":"page","link":"https:\/\/poznan.sportrebel.pl\/","title":{"rendered":"SportRebel Pozna\u0144"},"content":{"rendered":"\n<div class=\"wp-block-group\"><div class=\"wp-block-group__inner-container is-layout-flow wp-block-group-is-layout-flow\">\n<h3 class=\"wp-block-heading title-block uppercase\">SportRebel Pozna\u0144<\/h3>\n\n\n\n<div class=\"wp-block-columns orange-panel has-background is-layout-flex wp-container-core-columns-is-layout-9d6595d7 wp-block-columns-is-layout-flex\" style=\"background-color:#ee6119\">\n<div class=\"wp-block-column text-col is-layout-flow wp-block-column-is-layout-flow\" style=\"flex-basis:70%\">\n<h2 class=\"wp-block-heading\">Zapraszamy do specjalistycznego sklepu rolkowo\/\u0142y\u017cwowego SPORTREBEL POZNA\u0143<\/h2>\n\n\n\n<p>Sklep oferuje najwi\u0119kszy wyb\u00f3r \u0142y\u017cew rekreacyjnych, hokejowych i dla dzieci, takich marek jak&nbsp;<strong>TEMPISH, Bauer, Edea, Risport, Rollerblade.<\/strong><\/p>\n\n\n\n<div class=\"wp-block-buttons is-horizontal is-content-justification-center is-layout-flex wp-container-core-buttons-is-layout-499968f5 wp-block-buttons-is-layout-flex\">\n<div class=\"wp-block-button\"><a class=\"wp-block-button__link wp-element-button\" href=\"https:\/\/g.page\/SportRebelPoznan\">Sprawd\u017a dojazd<\/a><\/div>\n<\/div>\n<\/div>\n\n\n\n<div class=\"wp-block-column is-layout-flow wp-block-column-is-layout-flow\" style=\"flex-basis:30%\">\n<figure class=\"wp-block-image size-full\"><img loading=\"lazy\" decoding=\"async\" width=\"1614\" height=\"1406\" src=\"https:\/\/poznan.sportrebel.pl\/wp-content\/uploads\/2025\/11\/1064934_BTH25_SKATE_VAPOR_FLY30_JR_catalog-pair.png\" alt=\"\" class=\"wp-image-335\" srcset=\"https:\/\/poznan.sportrebel.pl\/wp-content\/uploads\/2025\/11\/1064934_BTH25_SKATE_VAPOR_FLY30_JR_catalog-pair.png 1614w, https:\/\/poznan.sportrebel.pl\/wp-content\/uploads\/2025\/11\/1064934_BTH25_SKATE_VAPOR_FLY30_JR_catalog-pair-300x261.png 300w, https:\/\/poznan.sportrebel.pl\/wp-content\/uploads\/2025\/11\/1064934_BTH25_SKATE_VAPOR_FLY30_JR_catalog-pair-1024x892.png 1024w, https:\/\/poznan.sportrebel.pl\/wp-content\/uploads\/2025\/11\/1064934_BTH25_SKATE_VAPOR_FLY30_JR_catalog-pair-768x669.png 768w, https:\/\/poznan.sportrebel.pl\/wp-content\/uploads\/2025\/11\/1064934_BTH25_SKATE_VAPOR_FLY30_JR_catalog-pair-1536x1338.png 1536w\" sizes=\"auto, (max-width: 1614px) 100vw, 1614px\" \/><\/figure>\n<\/div>\n<\/div>\n\n\n\n<h1 class=\"wp-block-heading title-block title-slim\">Du\u017cy wyb\u00f3r rozmiar\u00f3w,<br>fachowa obs\u0142uga<br>i bezpieczne zakupy<\/h1>\n\n\n\n<div class=\"wp-block-columns trzy-obrazki is-layout-flex wp-container-core-columns-is-layout-9d6595d7 wp-block-columns-is-layout-flex\">\n<div class=\"wp-block-column trzy-obrazki-pierwszy is-layout-flow wp-block-column-is-layout-flow\">\n<figure class=\"wp-block-image size-full\"><img loading=\"lazy\" decoding=\"async\" width=\"1500\" height=\"1000\" src=\"https:\/\/poznan.sportrebel.pl\/wp-content\/uploads\/2022\/10\/Spostrebel-Poznan-1-1.jpg\" alt=\"\" class=\"wp-image-267\" srcset=\"https:\/\/poznan.sportrebel.pl\/wp-content\/uploads\/2022\/10\/Spostrebel-Poznan-1-1.jpg 1500w, https:\/\/poznan.sportrebel.pl\/wp-content\/uploads\/2022\/10\/Spostrebel-Poznan-1-1-300x200.jpg 300w, https:\/\/poznan.sportrebel.pl\/wp-content\/uploads\/2022\/10\/Spostrebel-Poznan-1-1-1024x683.jpg 1024w, https:\/\/poznan.sportrebel.pl\/wp-content\/uploads\/2022\/10\/Spostrebel-Poznan-1-1-768x512.jpg 768w\" sizes=\"auto, (max-width: 1500px) 100vw, 1500px\" \/><\/figure>\n<\/div>\n\n\n\n<div class=\"wp-block-column trzy-obrazki-drugi is-layout-flow wp-block-column-is-layout-flow\">\n<figure class=\"wp-block-image size-large\"><img loading=\"lazy\" decoding=\"async\" width=\"1024\" height=\"683\" src=\"https:\/\/poznan.sportrebel.pl\/wp-content\/uploads\/2022\/10\/Spostrebel-Poznan-2-1-1024x683.jpg\" alt=\"\" class=\"wp-image-268\" srcset=\"https:\/\/poznan.sportrebel.pl\/wp-content\/uploads\/2022\/10\/Spostrebel-Poznan-2-1-1024x683.jpg 1024w, https:\/\/poznan.sportrebel.pl\/wp-content\/uploads\/2022\/10\/Spostrebel-Poznan-2-1-300x200.jpg 300w, https:\/\/poznan.sportrebel.pl\/wp-content\/uploads\/2022\/10\/Spostrebel-Poznan-2-1-768x512.jpg 768w, https:\/\/poznan.sportrebel.pl\/wp-content\/uploads\/2022\/10\/Spostrebel-Poznan-2-1.jpg 1500w\" sizes=\"auto, (max-width: 1024px) 100vw, 1024px\" \/><\/figure>\n<\/div>\n\n\n\n<div class=\"wp-block-column trzy-obrazki-trzeci is-layout-flow wp-block-column-is-layout-flow\">\n<figure class=\"wp-block-image size-full\"><img loading=\"lazy\" decoding=\"async\" width=\"2560\" height=\"1707\" src=\"https:\/\/poznan.sportrebel.pl\/wp-content\/uploads\/2022\/10\/Spostrebel-Poznan-3-scaled.jpg\" alt=\"\" class=\"wp-image-263\" srcset=\"https:\/\/poznan.sportrebel.pl\/wp-content\/uploads\/2022\/10\/Spostrebel-Poznan-3-scaled.jpg 2560w, https:\/\/poznan.sportrebel.pl\/wp-content\/uploads\/2022\/10\/Spostrebel-Poznan-3-300x200.jpg 300w, https:\/\/poznan.sportrebel.pl\/wp-content\/uploads\/2022\/10\/Spostrebel-Poznan-3-1024x683.jpg 1024w, https:\/\/poznan.sportrebel.pl\/wp-content\/uploads\/2022\/10\/Spostrebel-Poznan-3-768x512.jpg 768w, https:\/\/poznan.sportrebel.pl\/wp-content\/uploads\/2022\/10\/Spostrebel-Poznan-3-1536x1024.jpg 1536w, https:\/\/poznan.sportrebel.pl\/wp-content\/uploads\/2022\/10\/Spostrebel-Poznan-3-2048x1365.jpg 2048w\" sizes=\"auto, (max-width: 2560px) 100vw, 2560px\" \/><\/figure>\n<\/div>\n<\/div>\n\n\n\n<h1 class=\"wp-block-heading title-block title-slim\">Je\u015bli masz pytania, <br>skontaktuj si\u0119 z nami!<\/h1>\n\n\n\n<div class=\"wp-block-columns shop-container has-background is-layout-flex wp-container-core-columns-is-layout-9d6595d7 wp-block-columns-is-layout-flex\" style=\"background-color:#f5f6f7\">\n<div class=\"wp-block-column is-layout-flow wp-block-column-is-layout-flow\">\n<h1 class=\"wp-block-heading has-text-align-center\">Zapraszamy<\/h1>\n\n\n\n<p class=\"has-text-align-center\"><a href=\"https:\/\/g.page\/SportRebelPoznan\" data-type=\"URL\">Lodowisko Chwia\u0142ka<br>ul. Ojca Mariana \u017belazka 1<br>61-553 Pozna\u0144<\/a><br>Telefon: <a href=\"tel:+48733100678\" data-type=\"tel\" data-id=\"tel:+48693497601\">+48 733 100 678<\/a><\/p>\n\n\n\n<h6 class=\"wp-block-heading has-text-align-center\"><strong>BEZP\u0141ATNY PARKING I WYGODNE ZAKUPY<\/strong><\/h6>\n\n\n\n<div class=\"wp-block-buttons is-horizontal is-content-justification-center is-layout-flex wp-container-core-buttons-is-layout-499968f5 wp-block-buttons-is-layout-flex\">\n<div class=\"wp-block-button\"><a class=\"wp-block-button__link wp-element-button\" href=\"https:\/\/g.page\/SportRebelPoznan\">Sprawd\u017a dojazd<\/a><\/div>\n<\/div>\n<\/div>\n\n\n\n<div class=\"wp-block-column is-layout-flow wp-block-column-is-layout-flow\">\n<figure class=\"wp-block-image size-large\"><img loading=\"lazy\" decoding=\"async\" width=\"569\" height=\"427\" src=\"http:\/\/poznan.sportrebel.pl\/wp-content\/uploads\/2021\/04\/shop.jpg\" alt=\"\" class=\"wp-image-25\" srcset=\"https:\/\/poznan.sportrebel.pl\/wp-content\/uploads\/2021\/04\/shop.jpg 569w, https:\/\/poznan.sportrebel.pl\/wp-content\/uploads\/2021\/04\/shop-300x225.jpg 300w\" sizes=\"auto, (max-width: 569px) 100vw, 569px\" \/><\/figure>\n<\/div>\n<\/div>\n\n\n\n<div class=\"wp-block-columns orange-panel has-background is-layout-flex wp-container-core-columns-is-layout-9d6595d7 wp-block-columns-is-layout-flex\" style=\"background-color:#ee6119\">\n<div class=\"wp-block-column text-col is-layout-flow wp-block-column-is-layout-flow\" style=\"flex-basis:70%\">\n<h2 class=\"wp-block-heading\">Prowadzimy tak\u017ce wykwalifikowany serwis \u0142y\u017cew, gdzie wykonujemy znakomite ostrzenie na markowych maszynach BLADEMASTER.<\/h2>\n\n\n\n<p>Nasz serwis prowadza wykwalifikowani pracownicy, posiadaj\u0105cy wieloletnie do\u015bwiadczenie w ostrzeniu i naprawie \u0142y\u017cew.<\/p>\n\n\n\n<div class=\"wp-block-buttons is-horizontal is-content-justification-center is-layout-flex wp-container-core-buttons-is-layout-499968f5 wp-block-buttons-is-layout-flex\">\n<div class=\"wp-block-button\"><a class=\"wp-block-button__link wp-element-button\" href=\"https:\/\/g.page\/SportRebelPoznan\">Sprawd\u017a dojazd<\/a><\/div>\n<\/div>\n<\/div>\n\n\n\n<div class=\"wp-block-column is-layout-flow wp-block-column-is-layout-flow\" style=\"flex-basis:30%\">\n<figure class=\"wp-block-image size-full\"><img loading=\"lazy\" decoding=\"async\" width=\"1141\" height=\"869\" src=\"https:\/\/poznan.sportrebel.pl\/wp-content\/uploads\/2023\/10\/Jessica.webp\" alt=\"\" class=\"wp-image-317\" srcset=\"https:\/\/poznan.sportrebel.pl\/wp-content\/uploads\/2023\/10\/Jessica.webp 1141w, https:\/\/poznan.sportrebel.pl\/wp-content\/uploads\/2023\/10\/Jessica-300x228.webp 300w, https:\/\/poznan.sportrebel.pl\/wp-content\/uploads\/2023\/10\/Jessica-1024x780.webp 1024w, https:\/\/poznan.sportrebel.pl\/wp-content\/uploads\/2023\/10\/Jessica-768x585.webp 768w\" sizes=\"auto, (max-width: 1141px) 100vw, 1141px\" \/><\/figure>\n<\/div>\n<\/div>\n\n\n\n<h1 class=\"wp-block-heading title-block title-slim\">Je\u015bli masz pytania, <br>skontaktuj si\u0119 z nami!<\/h1>\n\n\n\n<div class=\"wp-block-columns trzy-obrazki is-layout-flex wp-container-core-columns-is-layout-9d6595d7 wp-block-columns-is-layout-flex\">\n<div class=\"wp-block-column trzy-obrazki-pierwszy is-layout-flow wp-block-column-is-layout-flow\">\n<figure class=\"wp-block-image size-full\"><img loading=\"lazy\" decoding=\"async\" width=\"2560\" height=\"1707\" src=\"https:\/\/poznan.sportrebel.pl\/wp-content\/uploads\/2021\/10\/6-scaled.jpg\" alt=\"\" class=\"wp-image-234\" srcset=\"https:\/\/poznan.sportrebel.pl\/wp-content\/uploads\/2021\/10\/6-scaled.jpg 2560w, https:\/\/poznan.sportrebel.pl\/wp-content\/uploads\/2021\/10\/6-300x200.jpg 300w, https:\/\/poznan.sportrebel.pl\/wp-content\/uploads\/2021\/10\/6-1024x683.jpg 1024w, https:\/\/poznan.sportrebel.pl\/wp-content\/uploads\/2021\/10\/6-768x512.jpg 768w, https:\/\/poznan.sportrebel.pl\/wp-content\/uploads\/2021\/10\/6-1536x1024.jpg 1536w, https:\/\/poznan.sportrebel.pl\/wp-content\/uploads\/2021\/10\/6-2048x1365.jpg 2048w\" sizes=\"auto, (max-width: 2560px) 100vw, 2560px\" \/><\/figure>\n<\/div>\n\n\n\n<div class=\"wp-block-column trzy-obrazki-drugi is-layout-flow wp-block-column-is-layout-flow\">\n<figure class=\"wp-block-image size-full\"><img loading=\"lazy\" decoding=\"async\" width=\"1707\" height=\"2560\" src=\"https:\/\/poznan.sportrebel.pl\/wp-content\/uploads\/2021\/10\/1TAK-scaled.jpg\" alt=\"\" class=\"wp-image-228\" srcset=\"https:\/\/poznan.sportrebel.pl\/wp-content\/uploads\/2021\/10\/1TAK-scaled.jpg 1707w, https:\/\/poznan.sportrebel.pl\/wp-content\/uploads\/2021\/10\/1TAK-200x300.jpg 200w, https:\/\/poznan.sportrebel.pl\/wp-content\/uploads\/2021\/10\/1TAK-683x1024.jpg 683w, https:\/\/poznan.sportrebel.pl\/wp-content\/uploads\/2021\/10\/1TAK-768x1152.jpg 768w, https:\/\/poznan.sportrebel.pl\/wp-content\/uploads\/2021\/10\/1TAK-1024x1536.jpg 1024w, https:\/\/poznan.sportrebel.pl\/wp-content\/uploads\/2021\/10\/1TAK-1365x2048.jpg 1365w\" sizes=\"auto, (max-width: 1707px) 100vw, 1707px\" \/><\/figure>\n<\/div>\n\n\n\n<div class=\"wp-block-column trzy-obrazki-trzeci is-layout-flow wp-block-column-is-layout-flow\">\n<figure class=\"wp-block-image size-full\"><img loading=\"lazy\" decoding=\"async\" width=\"1707\" height=\"2560\" src=\"https:\/\/poznan.sportrebel.pl\/wp-content\/uploads\/2021\/10\/3TAK-scaled.jpg\" alt=\"\" class=\"wp-image-229\" srcset=\"https:\/\/poznan.sportrebel.pl\/wp-content\/uploads\/2021\/10\/3TAK-scaled.jpg 1707w, https:\/\/poznan.sportrebel.pl\/wp-content\/uploads\/2021\/10\/3TAK-200x300.jpg 200w, https:\/\/poznan.sportrebel.pl\/wp-content\/uploads\/2021\/10\/3TAK-683x1024.jpg 683w, https:\/\/poznan.sportrebel.pl\/wp-content\/uploads\/2021\/10\/3TAK-768x1152.jpg 768w, https:\/\/poznan.sportrebel.pl\/wp-content\/uploads\/2021\/10\/3TAK-1024x1536.jpg 1024w, https:\/\/poznan.sportrebel.pl\/wp-content\/uploads\/2021\/10\/3TAK-1365x2048.jpg 1365w\" sizes=\"auto, (max-width: 1707px) 100vw, 1707px\" \/><\/figure>\n<\/div>\n<\/div>\n\n\n\n<h1 class=\"wp-block-heading title-block title-slim\">Odwied\u017a sklep<br>online SPORTREBEL.pl<br>i odbierz zakupy osobi\u015bcie!<\/h1>\n\n\n\n<div class=\"wp-block-columns shop-container shop-reverse has-background is-layout-flex wp-container-core-columns-is-layout-9d6595d7 wp-block-columns-is-layout-flex\" style=\"background-color:#f5f6f7\">\n<div class=\"wp-block-column is-layout-flow wp-block-column-is-layout-flow\">\n<h1 class=\"wp-block-heading has-text-align-center\">Zapraszamy<\/h1>\n\n\n\n<p class=\"has-text-align-center\"><strong>Godziny otwarcia sklepu<\/strong><br>Poniedzia\u0142ek &#8211; Pi\u0105tek: 12:00 &#8211; 21:00<br>Sobota &#8211; Niedziela: 12:00 &#8211; 16:00<\/p>\n\n\n\n<div class=\"wp-block-buttons is-horizontal is-content-justification-center is-layout-flex wp-container-core-buttons-is-layout-499968f5 wp-block-buttons-is-layout-flex\">\n<div class=\"wp-block-button\"><a class=\"wp-block-button__link wp-element-button\" href=\"https:\/\/g.page\/SportRebelPoznan\">Sprawd\u017a dojazd<\/a><\/div>\n<\/div>\n<\/div>\n\n\n\n<div class=\"wp-block-column is-layout-flow wp-block-column-is-layout-flow\">\n<figure class=\"wp-block-image size-large\"><img loading=\"lazy\" decoding=\"async\" width=\"569\" height=\"427\" src=\"http:\/\/poznan.sportrebel.pl\/wp-content\/uploads\/2021\/04\/shop.jpg\" alt=\"\" class=\"wp-image-25\" srcset=\"https:\/\/poznan.sportrebel.pl\/wp-content\/uploads\/2021\/04\/shop.jpg 569w, https:\/\/poznan.sportrebel.pl\/wp-content\/uploads\/2021\/04\/shop-300x225.jpg 300w\" sizes=\"auto, (max-width: 569px) 100vw, 569px\" \/><\/figure>\n<\/div>\n<\/div>\n\n\n\n<div style=\"height:36px\" aria-hidden=\"true\" class=\"wp-block-spacer\"><\/div>\n\n\n\n<div class=\"wp-block-columns trzy-obrazki is-layout-flex wp-container-core-columns-is-layout-9d6595d7 wp-block-columns-is-layout-flex\">\n<div class=\"wp-block-column trzy-obrazki-pierwszy is-layout-flow wp-block-column-is-layout-flow\">\n<figure class=\"wp-block-image size-full\"><img loading=\"lazy\" decoding=\"async\" width=\"1707\" height=\"2560\" src=\"https:\/\/poznan.sportrebel.pl\/wp-content\/uploads\/2023\/10\/Tempish_zima_301122132458-2-GOT-scaled.jpg\" alt=\"\" class=\"wp-image-305\" srcset=\"https:\/\/poznan.sportrebel.pl\/wp-content\/uploads\/2023\/10\/Tempish_zima_301122132458-2-GOT-scaled.jpg 1707w, https:\/\/poznan.sportrebel.pl\/wp-content\/uploads\/2023\/10\/Tempish_zima_301122132458-2-GOT-200x300.jpg 200w, https:\/\/poznan.sportrebel.pl\/wp-content\/uploads\/2023\/10\/Tempish_zima_301122132458-2-GOT-683x1024.jpg 683w, https:\/\/poznan.sportrebel.pl\/wp-content\/uploads\/2023\/10\/Tempish_zima_301122132458-2-GOT-768x1152.jpg 768w, https:\/\/poznan.sportrebel.pl\/wp-content\/uploads\/2023\/10\/Tempish_zima_301122132458-2-GOT-1024x1536.jpg 1024w, https:\/\/poznan.sportrebel.pl\/wp-content\/uploads\/2023\/10\/Tempish_zima_301122132458-2-GOT-1365x2048.jpg 1365w\" sizes=\"auto, (max-width: 1707px) 100vw, 1707px\" \/><\/figure>\n<\/div>\n\n\n\n<div class=\"wp-block-column trzy-obrazki-drugi is-layout-flow wp-block-column-is-layout-flow\">\n<figure class=\"wp-block-image size-full\"><img loading=\"lazy\" decoding=\"async\" width=\"1027\" height=\"685\" src=\"https:\/\/poznan.sportrebel.pl\/wp-content\/uploads\/2023\/10\/CN1_3481-edited.jpg\" alt=\"\" class=\"wp-image-299\" srcset=\"https:\/\/poznan.sportrebel.pl\/wp-content\/uploads\/2023\/10\/CN1_3481-edited.jpg 1027w, https:\/\/poznan.sportrebel.pl\/wp-content\/uploads\/2023\/10\/CN1_3481-edited-300x200.jpg 300w, https:\/\/poznan.sportrebel.pl\/wp-content\/uploads\/2023\/10\/CN1_3481-edited-1024x683.jpg 1024w, https:\/\/poznan.sportrebel.pl\/wp-content\/uploads\/2023\/10\/CN1_3481-edited-768x512.jpg 768w\" sizes=\"auto, (max-width: 1027px) 100vw, 1027px\" \/><\/figure>\n<\/div>\n\n\n\n<div class=\"wp-block-column trzy-obrazki-trzeci is-layout-flow wp-block-column-is-layout-flow\">\n<figure class=\"wp-block-image size-full\"><img loading=\"lazy\" decoding=\"async\" width=\"1500\" height=\"1501\" src=\"https:\/\/poznan.sportrebel.pl\/wp-content\/uploads\/2023\/10\/sesjazdjecie2.jpg\" alt=\"\" class=\"wp-image-309\" srcset=\"https:\/\/poznan.sportrebel.pl\/wp-content\/uploads\/2023\/10\/sesjazdjecie2.jpg 1500w, https:\/\/poznan.sportrebel.pl\/wp-content\/uploads\/2023\/10\/sesjazdjecie2-300x300.jpg 300w, https:\/\/poznan.sportrebel.pl\/wp-content\/uploads\/2023\/10\/sesjazdjecie2-1024x1024.jpg 1024w, https:\/\/poznan.sportrebel.pl\/wp-content\/uploads\/2023\/10\/sesjazdjecie2-150x150.jpg 150w, https:\/\/poznan.sportrebel.pl\/wp-content\/uploads\/2023\/10\/sesjazdjecie2-768x769.jpg 768w\" sizes=\"auto, (max-width: 1500px) 100vw, 1500px\" \/><\/figure>\n<\/div>\n<\/div>\n\n\n\n<h1 class=\"wp-block-heading title-block title-slim\">Nie czekaj<br>i sprawd\u017a!<\/h1>\n\n\n\n<p class=\"has-text-align-center\">Mo\u017cesz te\u017c zam\u00f3wi\u0107 swoje \u0142y\u017cwy online<br>i odebra\u0107 towar osobi\u015bcie w naszym sklepie w Poznaniu<\/p>\n\n\n\n<div class=\"wp-block-buttons is-horizontal is-content-justification-center is-layout-flex wp-container-core-buttons-is-layout-499968f5 wp-block-buttons-is-layout-flex\">\n<div class=\"wp-block-button btnout\"><a class=\"wp-block-button__link wp-element-button\" href=\"tel:+48733100678\" style=\"border-radius:10px\">733 100 678<\/a><\/div>\n<\/div>\n\n\n\n<div class=\"wp-block-buttons is-horizontal is-content-justification-center is-layout-flex wp-container-core-buttons-is-layout-499968f5 wp-block-buttons-is-layout-flex\">\n<div class=\"wp-block-button btnout\"><a class=\"wp-block-button__link wp-element-button\" href=\"http:\/\/www.sportrebel.pl\" style=\"border-radius:10px\"><span class=\"dashicons dashicons-admin-site-alt3\"><\/span> www.sportrebel.pl<\/a><\/div>\n<\/div>\n\n\n\n<div class=\"wp-block-columns trzy-obrazki is-layout-flex wp-container-core-columns-is-layout-9d6595d7 wp-block-columns-is-layout-flex\">\n<div class=\"wp-block-column trzy-obrazki-pierwszy is-layout-flow wp-block-column-is-layout-flow\">\n<figure class=\"wp-block-image size-large\"><img loading=\"lazy\" decoding=\"async\" width=\"683\" height=\"1024\" src=\"https:\/\/poznan.sportrebel.pl\/wp-content\/uploads\/2022\/10\/IMG_2638-683x1024.jpg\" alt=\"\" class=\"wp-image-277\" srcset=\"https:\/\/poznan.sportrebel.pl\/wp-content\/uploads\/2022\/10\/IMG_2638-683x1024.jpg 683w, https:\/\/poznan.sportrebel.pl\/wp-content\/uploads\/2022\/10\/IMG_2638-200x300.jpg 200w, https:\/\/poznan.sportrebel.pl\/wp-content\/uploads\/2022\/10\/IMG_2638-768x1152.jpg 768w, https:\/\/poznan.sportrebel.pl\/wp-content\/uploads\/2022\/10\/IMG_2638-1024x1536.jpg 1024w, https:\/\/poznan.sportrebel.pl\/wp-content\/uploads\/2022\/10\/IMG_2638-1365x2048.jpg 1365w, https:\/\/poznan.sportrebel.pl\/wp-content\/uploads\/2022\/10\/IMG_2638.jpg 1500w\" sizes=\"auto, (max-width: 683px) 100vw, 683px\" \/><\/figure>\n<\/div>\n\n\n\n<div class=\"wp-block-column trzy-obrazki-drugi is-layout-flow wp-block-column-is-layout-flow\">\n<figure class=\"wp-block-image size-large\"><img loading=\"lazy\" decoding=\"async\" width=\"683\" height=\"1024\" src=\"https:\/\/poznan.sportrebel.pl\/wp-content\/uploads\/2022\/10\/IMG_2829-683x1024.jpg\" alt=\"\" class=\"wp-image-278\" srcset=\"https:\/\/poznan.sportrebel.pl\/wp-content\/uploads\/2022\/10\/IMG_2829-683x1024.jpg 683w, https:\/\/poznan.sportrebel.pl\/wp-content\/uploads\/2022\/10\/IMG_2829-200x300.jpg 200w, https:\/\/poznan.sportrebel.pl\/wp-content\/uploads\/2022\/10\/IMG_2829-768x1152.jpg 768w, https:\/\/poznan.sportrebel.pl\/wp-content\/uploads\/2022\/10\/IMG_2829-1024x1536.jpg 1024w, https:\/\/poznan.sportrebel.pl\/wp-content\/uploads\/2022\/10\/IMG_2829-1365x2048.jpg 1365w, https:\/\/poznan.sportrebel.pl\/wp-content\/uploads\/2022\/10\/IMG_2829.jpg 1500w\" sizes=\"auto, (max-width: 683px) 100vw, 683px\" \/><\/figure>\n<\/div>\n\n\n\n<div class=\"wp-block-column trzy-obrazki-trzeci is-layout-flow wp-block-column-is-layout-flow\">\n<figure class=\"wp-block-image size-large\"><img loading=\"lazy\" decoding=\"async\" width=\"683\" height=\"1024\" src=\"https:\/\/poznan.sportrebel.pl\/wp-content\/uploads\/2022\/10\/IMG_2611-683x1024.jpg\" alt=\"\" class=\"wp-image-275\" srcset=\"https:\/\/poznan.sportrebel.pl\/wp-content\/uploads\/2022\/10\/IMG_2611-683x1024.jpg 683w, https:\/\/poznan.sportrebel.pl\/wp-content\/uploads\/2022\/10\/IMG_2611-200x300.jpg 200w, https:\/\/poznan.sportrebel.pl\/wp-content\/uploads\/2022\/10\/IMG_2611-768x1152.jpg 768w, https:\/\/poznan.sportrebel.pl\/wp-content\/uploads\/2022\/10\/IMG_2611-1024x1536.jpg 1024w, https:\/\/poznan.sportrebel.pl\/wp-content\/uploads\/2022\/10\/IMG_2611-1365x2048.jpg 1365w, https:\/\/poznan.sportrebel.pl\/wp-content\/uploads\/2022\/10\/IMG_2611.jpg 1500w\" sizes=\"auto, (max-width: 683px) 100vw, 683px\" \/><\/figure>\n<\/div>\n<\/div>\n<\/div><\/div>\n","protected":false},"excerpt":{"rendered":"<p>SportRebel Pozna\u0144 Zapraszamy do specjalistycznego sklepu rolkowo\/\u0142y\u017cwowego SPORTREBEL POZNA\u0143 Sklep oferuje najwi\u0119kszy wyb\u00f3r \u0142y\u017cew rekreacyjnych, hokejowych i dla dzieci, takich marek jak&nbsp;TEMPISH, Bauer, Edea, Risport, Rollerblade. Du\u017cy wyb\u00f3r rozmiar\u00f3w,fachowa obs\u0142ugai bezpieczne zakupy Je\u015bli masz pytania, skontaktuj si\u0119 z nami! Zapraszamy Lodowisko Chwia\u0142kaul. Ojca Mariana \u017belazka 161-553 Pozna\u0144Telefon: +48 733 100 678 BEZP\u0141ATNY PARKING I WYGODNE &#8230; <a title=\"SportRebel Pozna\u0144\" class=\"read-more\" href=\"https:\/\/poznan.sportrebel.pl\/\" aria-label=\"More on SportRebel Pozna\u0144\">Czytaj dalej<\/a><\/p>\n","protected":false},"author":5,"featured_media":0,"parent":0,"menu_order":0,"comment_status":"closed","ping_status":"closed","template":"","meta":{"inline_featured_image":false,"footnotes":""},"class_list":["post-8","page","type-page","status-publish"],"_links":{"self":[{"href":"https:\/\/poznan.sportrebel.pl\/index.php\/wp-json\/wp\/v2\/pages\/8","targetHints":{"allow":["GET"]}}],"collection":[{"href":"https:\/\/poznan.sportrebel.pl\/index.php\/wp-json\/wp\/v2\/pages"}],"about":[{"href":"https:\/\/poznan.sportrebel.pl\/index.php\/wp-json\/wp\/v2\/types\/page"}],"author":[{"embeddable":true,"href":"https:\/\/poznan.sportrebel.pl\/index.php\/wp-json\/wp\/v2\/users\/5"}],"replies":[{"embeddable":true,"href":"https:\/\/poznan.sportrebel.pl\/index.php\/wp-json\/wp\/v2\/comments?post=8"}],"version-history":[{"count":79,"href":"https:\/\/poznan.sportrebel.pl\/index.php\/wp-json\/wp\/v2\/pages\/8\/revisions"}],"predecessor-version":[{"id":342,"href":"https:\/\/poznan.sportrebel.pl\/index.php\/wp-json\/wp\/v2\/pages\/8\/revisions\/342"}],"wp:attachment":[{"href":"https:\/\/poznan.sportrebel.pl\/index.php\/wp-json\/wp\/v2\/media?parent=8"}],"curies":[{"name":"wp","href":"https:\/\/api.w.org\/{rel}","templated":true}]}}